{"id":25,"date":"2015-08-13T04:56:24","date_gmt":"2015-08-13T04:56:24","guid":{"rendered":"http:\/\/dentall.stylemixthemes.com\/demo\/?page_id=25"},"modified":"2024-05-28T13:35:10","modified_gmt":"2024-05-28T06:35:10","slug":"gioi-thieu","status":"publish","type":"page","link":"https:\/\/nhakhoathienan.vn\/?page_id=25","title":{"rendered":"GI\u1edaI THI\u1ec6U"},"content":{"rendered":"<section class=\"wpb-content-wrapper\"><p>[vc_row][vc_column][\/vc_column][\/vc_row][vc_row][vc_column offset=&#8221;vc_col-lg-9 vc_col-md-9&#8243;][vc_single_image image=&#8221;2068&#8243; img_size=&#8221;large&#8221;][vc_single_image image=&#8221;2072&#8243; img_size=&#8221;large&#8221;][vc_column_text]<\/p>\n<h3 class=\"p1\">GI\u1edaI THI\u1ec6U V\u1ec0 NHA KHOA THI\u1ec6N AN<\/h3>\n<p>V\u1edbi ph\u01b0\u01a1ng ch\u00e2m lu\u00f4n \u0111\u1eb7t l\u1ee3i \u00edch c\u1ee7a kh\u00e1ch h\u00e0ng l\u00ean h\u00e0ng \u0111\u1ea7u, trang thi\u1ebft b\u1ecb hi\u1ec7n \u0111\u1ea1i, \u0111\u1ed9i ng\u0169 Y B\u00e1c s\u0129 chuy\u00ean nghi\u1ec7p \u2013 nhi\u1ec1u kinh nghi\u1ec7m, c\u00f9ng d\u1ecbch v\u1ee5 tuy\u1ec7t h\u1ea3o,&nbsp;<strong>Nha Khoa Thi\u1ec7n An<\/strong>&nbsp;cam k\u1ebft \u0111em l\u1ea1i k\u1ebft qu\u1ea3 \u0111i\u1ec1u tr\u1ecb t\u1ed1t nh\u1ea5t v\u00e0 s\u1ef1 h\u00e0i l\u00f2ng cao nh\u1ea5t \u0111\u1ebfn m\u1ed7i kh\u00e1ch h\u00e0ng.<\/p>\n<p>&#8211; \u0110\u1ed9i ng\u0169 B\u00e1c s\u0129 &amp; Nh\u00e2n vi\u00ean ph\u1ee5c v\u1ee5 chuy\u00ean nghi\u1ec7p, t\u1eadn t\u00e2m.<\/p>\n<p>&#8211; Kh\u00e1m k\u0129 l\u01b0\u1ee1ng, t\u01b0 v\u1ea5n r\u00f5 r\u00e0ng, \u0111i\u1ec1u tr\u1ecb nh\u1eb9 nh\u00e0ng, b\u1ea3o h\u00e0nh th\u1ea5u \u0111\u00e1o.<\/p>\n<p>&#8211; S\u1eed d\u1ee5ng trang thi\u1ebft b\u1ecb hi\u1ec7n \u0111\u1ea1i, \u0111\u1ed3ng b\u1ed9, \u0111\u1ea3m b\u1ea3o&nbsp; v\u1ec7 sinh, v\u00f4 tr\u00f9ng tuy\u1ec7t \u0111\u1ed1i.<\/p>\n<p>&#8211; D\u1ecbch v\u1ee5 tuy\u1ec7t h\u1ea3o tr\u00ean c\u1ea3 s\u1ef1 mong \u0111\u1ee3i c\u1ee7a kh\u00e1ch h\u00e0ng.<\/p>\n<p>\u0110\u1ebfn v\u1edbi&nbsp;<strong>Nha khoa Thi\u1ec7n An<\/strong>, Qu\u00fd kh\u00e1ch s\u1ebd \u0111\u01b0\u1ee3c B\u00e1c s\u0129 t\u01b0 v\u1ea5n, ki\u1ec3m tra t\u00ecnh tr\u1ea1ng r\u0103ng mi\u1ec7ng ho\u00e0n to\u00e0n mi\u1ec5n ph\u00ed. B\u00e1c s\u0129 s\u1ebd \u0111\u01b0a ra nhi\u1ec1u gi\u1ea3i ph\u00e1p c\u00f9ng v\u1edbi \u01b0u khuy\u1ebft \u0111i\u1ec3m c\u0169ng nh\u01b0 chi ph\u00ed c\u1ee7a t\u1eebng gi\u1ea3i ph\u00e1p \u0111\u1ec3 Qu\u00fd kh\u00e1ch c\u00f3 th\u1ec3 l\u1ef1a ch\u1ecdn theo d\u1ef1 tr\u00f9 t\u00e0i ch\u00ednh c\u1ee7a m\u00ecnh.<\/p>\n<p>&nbsp;[\/vc_column_text][vc_tta_accordion style=&#8221;flat&#8221; shape=&#8221;square&#8221; color=&#8221;blue&#8221; c_position=&#8221;right&#8221; active_section=&#8221;1&#8243; no_fill=&#8221;true&#8221; css=&#8221;.vc_custom_1442216804863{margin-bottom: 40px !important;}&#8221;][vc_tta_section title=&#8221;PH\u01af\u01a0NG CH\u00c2M HO\u1ea0T \u0110\u1ed8NG&#8221; tab_id=&#8221;1442213473144-b1c3c5a8-0f17&#8243;][vc_column_text]S\u1edf h\u1eefu m\u1ed9t n\u1ee5 c\u01b0\u1eddi r\u1ea1ng ng\u1eddi v\u1edbi h\u00e0m r\u0103ng kh\u1ecfe m\u1ea1nh l\u00e0 ni\u1ec1m vui, h\u1ea1nh ph\u00fac c\u1ee7a t\u1ea5t c\u1ea3 m\u1ecdi ng\u01b0\u1eddi, nh\u01b0 v\u1eady m\u1edbi c\u00f3 th\u1ec3 t\u1ef1 tin trong giao ti\u1ebfp v\u00e0 th\u00e0nh c\u00f4ng h\u01a1n trong c\u00f4ng vi\u1ec7c c\u0169ng nh\u01b0 cu\u1ed9c s\u1ed1ng h\u00e0ng ng\u00e0y.<\/p>\n<p>V\u00e0 \u0111\u00f3 c\u0169ng l\u00e0 m\u1ee5c ti\u00eau c\u1ee7a ch\u00fang t\u00f4i, v\u1edbi ph\u01b0\u01a1ng ch\u00e2m:&nbsp;<strong><em>\u201cYou Smile, We Smile\u201d<\/em><\/strong>, ch\u00fang t\u00f4i ph\u1ea5n \u0111\u1ea5u ho\u00e0n thi\u1ec7n m\u01a1 \u01b0\u1edbc c\u1ee7a b\u1ea1n v\u00e0 c\u0169ng l\u00e0 x\u00e2y d\u1ef1ng ni\u1ec1m tin, th\u01b0\u01a1ng hi\u1ec7u uy t\u00edn cho Nha Khoa Thi\u1ec7n An, s\u1ef1 ph\u00e1t tri\u1ec3n c\u1ee7a nha khoa Vi\u1ec7t Nam v\u01b0\u01a1n l\u00ean t\u1ea7m cao m\u1edbi, mang t\u1ea7m v\u00f3c qu\u1ed1c t\u1ebf.[\/vc_column_text][\/vc_tta_section][vc_tta_section title=&#8221;S\u1ee8 M\u1ec6NH&#8221; tab_id=&#8221;1442213533944-6afce232-faea&#8221;][vc_column_text]<\/p>\n<p class=\"p1\">V\u1edbi \u0111\u1ed9i ng\u0169 chuy\u00ean gia v\u00e0 c\u00e1n b\u1ed9 nh\u00e2n vi\u00ean trong n\u01b0\u1edbc v\u00e0 qu\u1ed1c t\u1ebf c\u00f3 tr\u00ecnh \u0111\u1ed9 chuy\u00ean m\u00f4n cao, phong c\u00e1ch ph\u1ee5c v\u1ee5 chuy\u00ean nghi\u1ec7p, ch\u00fang t\u00f4i lu\u00f4n t\u1eadn t\u1ee5y, n\u1eafm b\u1eaft \u0111\u01b0\u1ee3c nhu c\u1ea7u \u0111i\u1ec1u tr\u1ecb c\u1ee7a kh\u00e1ch h\u00e0ng v\u00e0 xu h\u01b0\u1edbng \u0111i\u1ec1u tr\u1ecb ti\u00ean ti\u1ebfn, hi\u1ec7n \u0111\u1ea1i nh\u1ea5t nh\u1eb1m mang \u0111\u1ebfn ch\u1ea5t l\u01b0\u1ee3ng \u0111i\u1ec1u tr\u1ecb t\u1ed1t nh\u1ea5t.<\/p>\n<p>[\/vc_column_text][\/vc_tta_section][vc_tta_section title=&#8221;T\u1ea6M NH\u00ccN&#8221; tab_id=&#8221;1442213536885-1b8edbc5-543a&#8221;][vc_column_text]<\/p>\n<p class=\"p1\">X\u00e2y d\u1ef1ng th\u00e0nh c\u00f4ng h\u1ec7 th\u1ed1ng li\u00ean k\u1ebft c\u00e1c d\u1ecbch v\u1ee5 nha khoa v\u1edbi chi\u1ebfn l\u01b0\u1ee3c ph\u00e1t tri\u1ec3n kinh doanh b\u1ec1n v\u1eefng. \u0110\u1ed3ng th\u1eddi l\u00e0 th\u01b0\u01a1ng hi\u1ec7u Nha khoa \u0111\u00e1ng tin c\u1eady nh\u1ea5t \u0111\u01b0\u1ee3c ng\u01b0\u1eddi d\u00e2n Vi\u1ec7t Nam v\u00e0 qu\u1ed1c t\u1ebf ngh\u0129 \u0111\u1ebfn khi c\u00f3 nhu c\u1ea7u \u0111i\u1ec1u tr\u1ecb.<\/p>\n<p>[\/vc_column_text][\/vc_tta_section][\/vc_tta_accordion][vc_single_image image=&#8221;2071&#8243; img_size=&#8221;large&#8221; title=&#8221;TRANG THI\u1ebeT B\u1eca HI\u1ec6N \u0110\u1ea0I&#8221;][vc_single_image image=&#8221;2073&#8243; img_size=&#8221;large&#8221;][\/vc_column][vc_column width=&#8221;1\/4&#8243; offset=&#8221;vc_hidden-sm vc_hidden-xs&#8221;][stm_sidebar sidebar=&#8221;700&#8243;][\/vc_column][\/vc_row][vc_row][vc_column][vc_single_image image=&#8221;1390&#8243; img_size=&#8221;large&#8221; title=&#8221;C\u00d4NG NGH\u1ec6 CH\u1ee4P CT H\u00c0N QU\u1ed0C&#8221;][\/vc_column][\/vc_row][vc_row][vc_column width=&#8221;3\/4&#8243;][vc_column_text]<span style=\"color: #008000; font-size: 12pt;\"><strong>NHA KHOA THI\u1ec6N AN TRI\u1ec2N KHAI \u1ee8NG D\u1ee4NG C\u00d4NG NGH\u1ec6 H\u00c0N QU\u1ed0C TRONG VI\u1ec6C CH\u1ee4P CT TO\u00c0N H\u00c0M V\u1edaI C\u00c1C \u01afU \u0110I\u1ec2M:<\/strong><\/span><\/p>\n<p><span style=\"color: #000000;\">1. FOV l\u01a1\u0301n: 16 x 18 cm ngo\u00e0i vi\u1ec7c \u1ee9ng d\u1ee5ng trong c\u1ea5y gh\u00e9p IMPLANT<\/span><br \/>\n<span style=\"color: #000000;\">c\u00f2n c\u00f3 th\u1ec3 s\u1eed d\u1ee5ng trong ch\u1ec9nh nha, ph\u1eabu thu\u1eadt h\u00e0m h\u00f4 \u2013 m\u00f3m, ph\u1eabu thu\u1eadt m\u1eb7t, tai m\u0169i h\u1ecdng,\u2026<\/span><br \/>\n<span style=\"color: #000000;\">2. C\u00f3 ph\u1ea7n m\u1ec1m ph\u00e2n t\u00edch ch\u1ec9nh nha 2D (Cephalo) v\u00e0 3D (h\u00ecnh \u1ea3nh CT, ch\u1ec9 c\u00f3 nh\u1eefng m\u00e1y n\u00e0o c\u00f3 FOV &gt;16cm m\u1edbi l\u00e0m \u0111\u01b0\u1ee3c)<\/span><br \/>\n<span style=\"color: #000000;\">3. \u0110\u00f4\u0323 ph\u00e2n gia\u0309i hi\u0300nh a\u0309nh cao: cho h\u00ecnh \u1ea3nh tuy\u1ec7t v\u1eddi, cho ph\u00e9p quan s\u00e1t h\u00ecnh \u1ea3nh ch\u00ednh x\u00e1c, \u0111i\u1ec1u tr\u1ecb n\u1ed9i nha hi\u1ec7u qu\u1ea3.<\/span><br \/>\n<span style=\"color: #000000;\">4. Th\u01a1\u0300i gian que\u0301t nhanh: n\u00ean c\u00f3 th\u1ec3 ch\u1ee5p nh\u1eefng b\u1ec7nh nh\u00e2n gi\u00e0 y\u1ebfu, tr\u1ebb em hay nh\u1eefng ng\u01b0\u1eddi b\u1ecb ch\u1ea5n th\u01b0\u01a1ng kh\u00f4ng th\u1ec3 ch\u1ee5p l\u00e2u.<\/span><br \/>\n<span style=\"color: #000000;\">5. Li\u00ea\u0300u tia X th\u00e2\u0301p: b\u00f3ng \u0111\u00e8n tia X s\u1eed d\u1ee5ng ch\u1ebf \u0111\u1ed9 xung gi\u00fap gi\u1ea3m tia X xu\u1ed1ng th\u1ea5p co\u0301 th\u00ea\u0309 cho\u0323n vu\u0300ng que\u0301t nho\u0309 c\u00e2\u0300n quan t\u00e2m \u0111\u00ea\u0309 chu\u0323p \u0111\u1ec3 gi\u1ea3m thi\u1ec3u li\u1ec1u l\u01b0\u1ee3ng b\u1ee9c x\u1ea1.<\/span><\/p>\n<blockquote>\n<p><strong><span style=\"color: #008000;\"><span style=\"font-size: 14pt;\">B\u1ea1n c\u00f3 th\u1ec3 ho\u00e0n to\u00e0n y\u00ean t\u00e2m khi s\u1eed d\u1ee5ng c\u00e1c d\u1ecbch v\u1ee5 nha khoa t\u1ea1i Thi\u1ec7n An. Ch\u00fang t\u00f4i cam k\u1ebft mang \u0111\u1ebfn kh\u00e1ch h\u00e0ng d\u1ecbch v\u1ee5 ch\u0103m s\u00f3c v\u00e0 \u0111i\u1ec1u tr\u1ecb t\u1ed1t nh\u1ea5t v\u1edbi c\u00f4ng ngh\u1ec7 hi\u1ec7n \u0111\u1ea1i nh\u1ea5t.<\/span>\u00a0<\/span> \u00a0&#8211; <\/strong>Bs. CK2. Hu\u1ef3nh Thanh Trung<\/p>\n<\/blockquote>\n<p>[\/vc_column_text][\/vc_column][vc_column width=&#8221;1\/4&#8243;][\/vc_column][\/vc_row][vc_row][vc_column][\/vc_column][\/vc_row]<\/p>\n<\/section>","protected":false},"excerpt":{"rendered":"<p>[vc_row][vc_column][\/vc_column][\/vc_row][vc_row][vc_column offset=&#8221;vc_col-lg-9 vc_col-md-9&#8243;][vc_single_image image=&#8221;2068&#8243; img_size=&#8221;large&#8221;][vc_single_image image=&#8221;2072&#8243; img_size=&#8221;large&#8221;][vc_column_text] GI\u1edaI THI\u1ec6U V\u1ec0 NHA KHOA THI\u1ec6N AN V\u1edbi ph\u01b0\u01a1ng ch\u00e2m lu\u00f4n \u0111\u1eb7t l\u1ee3i \u00edch c\u1ee7a kh\u00e1ch h\u00e0ng l\u00ean h\u00e0ng \u0111\u1ea7u, trang thi\u1ebft b\u1ecb hi\u1ec7n \u0111\u1ea1i, \u0111\u1ed9i ng\u0169 Y B\u00e1c s\u0129 chuy\u00ean nghi\u1ec7p \u2013 nhi\u1ec1u kinh nghi\u1ec7m, c\u00f9ng d\u1ecbch v\u1ee5 tuy\u1ec7t h\u1ea3o,&nbsp;Nha Khoa Thi\u1ec7n An&nbsp;cam k\u1ebft \u0111em l\u1ea1i k\u1ebft&#8230;<\/p>\n","protected":false},"author":1,"featured_media":0,"parent":0,"menu_order":0,"comment_status":"closed","ping_status":"closed","template":"","meta":[],"yoast_head":"<!-- This site is optimized with the Yoast SEO plugin v21.8.1 - https:\/\/yoast.com\/wordpress\/plugins\/seo\/ -->\n<title>GI\u1edaI THI\u1ec6U - Nha khoa Thi\u1ec7n An | Nha Khoa Bu\u00f4n Ma Thu\u1ed9t - \u0110\u1eafk L\u1eafk<\/title>\n<meta name=\"description\" content=\"Gi\u1edbi thi\u1ec7u v\u1ec1 ph\u00f2ng kh\u00e1m nha khoa Thi\u1ec7n An\" \/>\n<meta name=\"robots\" content=\"index, follow, max-snippet:-1, max-image-preview:large, max-video-preview:-1\" \/>\n<link rel=\"canonical\" href=\"https:\/\/nhakhoathienan.vn\/?page_id=25\" \/>\n<meta property=\"og:locale\" content=\"vi_VN\" \/>\n<meta property=\"og:type\" content=\"article\" \/>\n<meta property=\"og:title\" content=\"GI\u1edaI THI\u1ec6U - Nha khoa Thi\u1ec7n An | Nha Khoa Bu\u00f4n Ma Thu\u1ed9t - \u0110\u1eafk L\u1eafk\" \/>\n<meta property=\"og:description\" content=\"Gi\u1edbi thi\u1ec7u v\u1ec1 ph\u00f2ng kh\u00e1m nha khoa Thi\u1ec7n An\" \/>\n<meta property=\"og:url\" content=\"https:\/\/nhakhoathienan.vn\/?page_id=25\" \/>\n<meta property=\"og:site_name\" content=\"Nha khoa Thi\u1ec7n An | Nha Khoa Bu\u00f4n Ma Thu\u1ed9t - \u0110\u1eafk L\u1eafk\" \/>\n<meta property=\"article:publisher\" content=\"https:\/\/www.facebook.com\/nhakhoathienan.buonmathuot\" \/>\n<meta property=\"article:modified_time\" content=\"2024-05-28T06:35:10+00:00\" \/>\n<meta property=\"og:image\" content=\"https:\/\/nhakhoathienan.vn\/wp-content\/uploads\/2023\/05\/294928395_423699719774731_8499535998518395177_n.jpg\" \/>\n\t<meta property=\"og:image:width\" content=\"957\" \/>\n\t<meta property=\"og:image:height\" content=\"958\" \/>\n\t<meta property=\"og:image:type\" content=\"image\/jpeg\" \/>\n<meta name=\"twitter:card\" content=\"summary_large_image\" \/>\n<meta name=\"twitter:label1\" content=\"\u01af\u1edbc t\u00ednh th\u1eddi gian \u0111\u1ecdc\" \/>\n\t<meta name=\"twitter:data1\" content=\"4 ph\u00fat\" \/>\n<script type=\"application\/ld+json\" class=\"yoast-schema-graph\">{\"@context\":\"https:\/\/schema.org\",\"@graph\":[{\"@type\":\"WebPage\",\"@id\":\"https:\/\/nhakhoathienan.vn\/?page_id=25\",\"url\":\"https:\/\/nhakhoathienan.vn\/?page_id=25\",\"name\":\"GI\u1edaI THI\u1ec6U - Nha khoa Thi\u1ec7n An | Nha Khoa Bu\u00f4n Ma Thu\u1ed9t - \u0110\u1eafk L\u1eafk\",\"isPartOf\":{\"@id\":\"https:\/\/nhakhoathienan.vn\/#website\"},\"datePublished\":\"2015-08-13T04:56:24+00:00\",\"dateModified\":\"2024-05-28T06:35:10+00:00\",\"description\":\"Gi\u1edbi thi\u1ec7u v\u1ec1 ph\u00f2ng kh\u00e1m nha khoa Thi\u1ec7n An\",\"breadcrumb\":{\"@id\":\"https:\/\/nhakhoathienan.vn\/?page_id=25#breadcrumb\"},\"inLanguage\":\"vi\",\"potentialAction\":[{\"@type\":\"ReadAction\",\"target\":[\"https:\/\/nhakhoathienan.vn\/?page_id=25\"]}]},{\"@type\":\"BreadcrumbList\",\"@id\":\"https:\/\/nhakhoathienan.vn\/?page_id=25#breadcrumb\",\"itemListElement\":[{\"@type\":\"ListItem\",\"position\":1,\"name\":\"Trang ch\u1ee7\",\"item\":\"https:\/\/nhakhoathienan.vn\/\"},{\"@type\":\"ListItem\",\"position\":2,\"name\":\"GI\u1edaI THI\u1ec6U\"}]},{\"@type\":\"WebSite\",\"@id\":\"https:\/\/nhakhoathienan.vn\/#website\",\"url\":\"https:\/\/nhakhoathienan.vn\/\",\"name\":\"NHA KHOA THI\u1ec6N AN - TP. BU\u00d4N MA THU\u1ed8T, \u0110\u0102K L\u0102K\",\"description\":\"Thi\u1ec7n An, R\u0103ng \u0111\u1eb9p - N\u1ee5 c\u01b0\u1eddi xinh\",\"publisher\":{\"@id\":\"https:\/\/nhakhoathienan.vn\/#organization\"},\"alternateName\":\"Trung ta\u0302m Ca\u0302\u0301y ghe\u0301p implant \u0111o\u031bn le\u0309, toa\u0300n ha\u0300m on all 4. Nie\u0302\u0300ng ra\u0306ng chuye\u0302n sa\u0302u cho ca\u0309 ngu\u031bo\u031b\u0300i lo\u031b\u0301n va\u0300 tre\u0309 em, \u0111ie\u0302\u0300u tri\u0323 ho\u0302 mo\u0301m ra\u0306ng le\u0323\u0302ch la\u0323c kho\u0302ng \u0111e\u0302\u0300u. Ra\u0306ng su\u031b\u0301, ma\u0323\u0306t da\u0301n su\u031b\u0301 veneer\",\"potentialAction\":[{\"@type\":\"SearchAction\",\"target\":{\"@type\":\"EntryPoint\",\"urlTemplate\":\"https:\/\/nhakhoathienan.vn\/?s={search_term_string}\"},\"query-input\":\"required name=search_term_string\"}],\"inLanguage\":\"vi\"},{\"@type\":\"Organization\",\"@id\":\"https:\/\/nhakhoathienan.vn\/#organization\",\"name\":\"Nha khoa Thi\u1ec7n An | Nha Khoa Bu\u00f4n Ma Thu\u1ed9t - \u0110\u1eafk L\u1eafk\",\"alternateName\":\"Trung ta\u0302m Ca\u0302\u0301y ghe\u0301p implant \u0111o\u031bn le\u0309, toa\u0300n ha\u0300m on all 4. Nie\u0302\u0300ng ra\u0306ng chuye\u0302n sa\u0302u cho ca\u0309 ngu\u031bo\u031b\u0300i lo\u031b\u0301n va\u0300 tre\u0309 em, \u0111ie\u0302\u0300u tri\u0323 ho\u0302 mo\u0301m ra\u0306ng le\u0323\u0302ch la\u0323c kho\u0302ng \u0111e\u0302\u0300u. Ra\u0306ng su\u031b\u0301, ma\u0323\u0306t da\u0301n su\u031b\u0301 veneer\",\"url\":\"https:\/\/nhakhoathienan.vn\/\",\"logo\":{\"@type\":\"ImageObject\",\"inLanguage\":\"vi\",\"@id\":\"https:\/\/nhakhoathienan.vn\/#\/schema\/logo\/image\/\",\"url\":\"https:\/\/nhakhoathienan.vn\/wp-content\/uploads\/2023\/05\/logo4.png\",\"contentUrl\":\"https:\/\/nhakhoathienan.vn\/wp-content\/uploads\/2023\/05\/logo4.png\",\"width\":1024,\"height\":357,\"caption\":\"Nha khoa Thi\u1ec7n An | Nha Khoa Bu\u00f4n Ma Thu\u1ed9t - \u0110\u1eafk L\u1eafk\"},\"image\":{\"@id\":\"https:\/\/nhakhoathienan.vn\/#\/schema\/logo\/image\/\"},\"sameAs\":[\"https:\/\/www.facebook.com\/nhakhoathienan.buonmathuot\"]}]}<\/script>\n<!-- \/ Yoast SEO plugin. -->","yoast_head_json":{"title":"GI\u1edaI THI\u1ec6U - Nha khoa Thi\u1ec7n An | Nha Khoa Bu\u00f4n Ma Thu\u1ed9t - \u0110\u1eafk L\u1eafk","description":"Gi\u1edbi thi\u1ec7u v\u1ec1 ph\u00f2ng kh\u00e1m nha khoa Thi\u1ec7n An","robots":{"index":"index","follow":"follow","max-snippet":"max-snippet:-1","max-image-preview":"max-image-preview:large","max-video-preview":"max-video-preview:-1"},"canonical":"https:\/\/nhakhoathienan.vn\/?page_id=25","og_locale":"vi_VN","og_type":"article","og_title":"GI\u1edaI THI\u1ec6U - Nha khoa Thi\u1ec7n An | Nha Khoa Bu\u00f4n Ma Thu\u1ed9t - \u0110\u1eafk L\u1eafk","og_description":"Gi\u1edbi thi\u1ec7u v\u1ec1 ph\u00f2ng kh\u00e1m nha khoa Thi\u1ec7n An","og_url":"https:\/\/nhakhoathienan.vn\/?page_id=25","og_site_name":"Nha khoa Thi\u1ec7n An | Nha Khoa Bu\u00f4n Ma Thu\u1ed9t - \u0110\u1eafk L\u1eafk","article_publisher":"https:\/\/www.facebook.com\/nhakhoathienan.buonmathuot","article_modified_time":"2024-05-28T06:35:10+00:00","og_image":[{"width":957,"height":958,"url":"https:\/\/nhakhoathienan.vn\/wp-content\/uploads\/2023\/05\/294928395_423699719774731_8499535998518395177_n.jpg","type":"image\/jpeg"}],"twitter_card":"summary_large_image","twitter_misc":{"\u01af\u1edbc t\u00ednh th\u1eddi gian \u0111\u1ecdc":"4 ph\u00fat"},"schema":{"@context":"https:\/\/schema.org","@graph":[{"@type":"WebPage","@id":"https:\/\/nhakhoathienan.vn\/?page_id=25","url":"https:\/\/nhakhoathienan.vn\/?page_id=25","name":"GI\u1edaI THI\u1ec6U - Nha khoa Thi\u1ec7n An | Nha Khoa Bu\u00f4n Ma Thu\u1ed9t - \u0110\u1eafk L\u1eafk","isPartOf":{"@id":"https:\/\/nhakhoathienan.vn\/#website"},"datePublished":"2015-08-13T04:56:24+00:00","dateModified":"2024-05-28T06:35:10+00:00","description":"Gi\u1edbi thi\u1ec7u v\u1ec1 ph\u00f2ng kh\u00e1m nha khoa Thi\u1ec7n An","breadcrumb":{"@id":"https:\/\/nhakhoathienan.vn\/?page_id=25#breadcrumb"},"inLanguage":"vi","potentialAction":[{"@type":"ReadAction","target":["https:\/\/nhakhoathienan.vn\/?page_id=25"]}]},{"@type":"BreadcrumbList","@id":"https:\/\/nhakhoathienan.vn\/?page_id=25#breadcrumb","itemListElement":[{"@type":"ListItem","position":1,"name":"Trang ch\u1ee7","item":"https:\/\/nhakhoathienan.vn\/"},{"@type":"ListItem","position":2,"name":"GI\u1edaI THI\u1ec6U"}]},{"@type":"WebSite","@id":"https:\/\/nhakhoathienan.vn\/#website","url":"https:\/\/nhakhoathienan.vn\/","name":"NHA KHOA THI\u1ec6N AN - TP. BU\u00d4N MA THU\u1ed8T, \u0110\u0102K L\u0102K","description":"Thi\u1ec7n An, R\u0103ng \u0111\u1eb9p - N\u1ee5 c\u01b0\u1eddi xinh","publisher":{"@id":"https:\/\/nhakhoathienan.vn\/#organization"},"alternateName":"Trung ta\u0302m Ca\u0302\u0301y ghe\u0301p implant \u0111o\u031bn le\u0309, toa\u0300n ha\u0300m on all 4. Nie\u0302\u0300ng ra\u0306ng chuye\u0302n sa\u0302u cho ca\u0309 ngu\u031bo\u031b\u0300i lo\u031b\u0301n va\u0300 tre\u0309 em, \u0111ie\u0302\u0300u tri\u0323 ho\u0302 mo\u0301m ra\u0306ng le\u0323\u0302ch la\u0323c kho\u0302ng \u0111e\u0302\u0300u. Ra\u0306ng su\u031b\u0301, ma\u0323\u0306t da\u0301n su\u031b\u0301 veneer","potentialAction":[{"@type":"SearchAction","target":{"@type":"EntryPoint","urlTemplate":"https:\/\/nhakhoathienan.vn\/?s={search_term_string}"},"query-input":"required name=search_term_string"}],"inLanguage":"vi"},{"@type":"Organization","@id":"https:\/\/nhakhoathienan.vn\/#organization","name":"Nha khoa Thi\u1ec7n An | Nha Khoa Bu\u00f4n Ma Thu\u1ed9t - \u0110\u1eafk L\u1eafk","alternateName":"Trung ta\u0302m Ca\u0302\u0301y ghe\u0301p implant \u0111o\u031bn le\u0309, toa\u0300n ha\u0300m on all 4. Nie\u0302\u0300ng ra\u0306ng chuye\u0302n sa\u0302u cho ca\u0309 ngu\u031bo\u031b\u0300i lo\u031b\u0301n va\u0300 tre\u0309 em, \u0111ie\u0302\u0300u tri\u0323 ho\u0302 mo\u0301m ra\u0306ng le\u0323\u0302ch la\u0323c kho\u0302ng \u0111e\u0302\u0300u. Ra\u0306ng su\u031b\u0301, ma\u0323\u0306t da\u0301n su\u031b\u0301 veneer","url":"https:\/\/nhakhoathienan.vn\/","logo":{"@type":"ImageObject","inLanguage":"vi","@id":"https:\/\/nhakhoathienan.vn\/#\/schema\/logo\/image\/","url":"https:\/\/nhakhoathienan.vn\/wp-content\/uploads\/2023\/05\/logo4.png","contentUrl":"https:\/\/nhakhoathienan.vn\/wp-content\/uploads\/2023\/05\/logo4.png","width":1024,"height":357,"caption":"Nha khoa Thi\u1ec7n An | Nha Khoa Bu\u00f4n Ma Thu\u1ed9t - \u0110\u1eafk L\u1eafk"},"image":{"@id":"https:\/\/nhakhoathienan.vn\/#\/schema\/logo\/image\/"},"sameAs":["https:\/\/www.facebook.com\/nhakhoathienan.buonmathuot"]}]}},"_links":{"self":[{"href":"https:\/\/nhakhoathienan.vn\/index.php?rest_route=\/wp\/v2\/pages\/25"}],"collection":[{"href":"https:\/\/nhakhoathienan.vn\/index.php?rest_route=\/wp\/v2\/pages"}],"about":[{"href":"https:\/\/nhakhoathienan.vn\/index.php?rest_route=\/wp\/v2\/types\/page"}],"author":[{"embeddable":true,"href":"https:\/\/nhakhoathienan.vn\/index.php?rest_route=\/wp\/v2\/users\/1"}],"replies":[{"embeddable":true,"href":"https:\/\/nhakhoathienan.vn\/index.php?rest_route=%2Fwp%2Fv2%2Fcomments&post=25"}],"version-history":[{"count":16,"href":"https:\/\/nhakhoathienan.vn\/index.php?rest_route=\/wp\/v2\/pages\/25\/revisions"}],"predecessor-version":[{"id":2077,"href":"https:\/\/nhakhoathienan.vn\/index.php?rest_route=\/wp\/v2\/pages\/25\/revisions\/2077"}],"wp:attachment":[{"href":"https:\/\/nhakhoathienan.vn\/index.php?rest_route=%2Fwp%2Fv2%2Fmedia&parent=25"}],"curies":[{"name":"wp","href":"https:\/\/api.w.org\/{rel}","templated":true}]}}